{"id":1997,"date":"2017-11-07T03:06:30","date_gmt":"2017-11-07T11:06:30","guid":{"rendered":"https:\/\/www.tajimatool.com\/?page_id=1997"},"modified":"2023-10-05T11:32:16","modified_gmt":"2023-10-05T18:32:16","slug":"privacy","status":"publish","type":"page","link":"https:\/\/www.tajimatool.com\/fr\/privacy\/","title":{"rendered":"Politique de confidentialit\u00e9"},"content":{"rendered":"<div class=\"container mt-6\">\r\n  <p class=\"mb-4\"> Cadre. Cette politique de confidentialit\u00e9 s&rsquo;applique aux informations personnelles collect\u00e9es, utilis\u00e9es et divulgu\u00e9es par Tajima Tool Corp. et TJM Design, Inc., en lien avec ses sites Web, microsites, sites mobiles ou applications mobiles qui adoptent, affichent ou associent express\u00e9ment cette politique de confidentialit\u00e9 (appel\u00e9s collectivement par nos \u00ab\u00a0Sites\u00a0\u00bb). <br>\r\n    Elle s&rsquo;applique \u00e9galement aux informations personnelles que nous collectons, utilisons et divulguons en relation avec Tajima Tool Corp. et TJM Design, Inc., les pages des sites de r\u00e9seaux sociaux, tels que Facebook, Twitter, Google Plus ou autres (collectivement appel\u00e9s nos \u00ab\u00a0R\u00e9seaux sociaux\u00a0\u00bb). <\/p>\r\n  <p class=\"mb-4\"> Informations de localisation. Nos sites et e-mails comprennent des fonctionnalit\u00e9s qui peuvent n\u00e9cessiter la collecte de diff\u00e9rents types d&rsquo;informations de localisation (telles que l&rsquo;adresse IP et le code postal) que nous utilisons ensuite pour une fonctionnalit\u00e9 donn\u00e9e que vous avez s\u00e9lectionn\u00e9e, telle que: <\/p>\r\n  <p> O\u00f9 acheter et Localiser un magasin. Nos Sites peuvent vous permettre de rechercher le magasin le plus proche dans lequel vous pouvez vous procurer l&rsquo;outil Tajima que vous souhaitez et de savoir si ces magasins \u00e0 proximit\u00e9 ont certains de nos articles en stock.  Si vous acc\u00e9dez \u00e0 l&rsquo;un de nos sites via un appareil mobile et que vous avez activ\u00e9 les services de localisation, certaines informations de localisation sp\u00e9cifiques peuvent \u00eatre collect\u00e9es pour ces fonctionnalit\u00e9s. Si vous acc\u00e9dez \u00e0 ces fonctionnalit\u00e9s via un p\u00e9riph\u00e9rique de bureau, vous pouvez demander \u00e0 votre navigateur de nous fournir vos informations de localisation pour r\u00e9pondre \u00e0 votre demande. La sp\u00e9cificit\u00e9 des informations de localisation des p\u00e9riph\u00e9riques de bureau peut varier en fonction du navigateur que vous utilisez et de la mani\u00e8re dont vous \u00eates connect\u00e9 \u00e0 Internet.<br>\r\n  <\/p>\r\n  <p class=\"mb-4\"> E-mail Nos e-mails peuvent utiliser votre adresse IP pour d\u00e9terminer le code postal du lieu o\u00f9 vous vous trouvez lorsque vous ouvrez l\u2019e-mail. Cela nous permet de personnaliser le contenu que nous vous offrons, comme l&rsquo;affichage d&rsquo;une carte des magasins \u00e0 proximit\u00e9 qui vendent nos produits. La sp\u00e9cificit\u00e9 de l&#8217;emplacement peut varier en fonction de l&rsquo;appareil utilis\u00e9 pour ouvrir nos e-mails. <\/p>\r\n\r\n<!-- OneTrust Cookies List start -->\r\n<div id=\"ot-sdk-cookie-policy\"><\/div>\r\n<!-- OneTrust Cookies List end -->\r\n\r\n  <p class=\"mb-4\"> Nous ne vendons, louons ni n&rsquo;\u00e9changeons vos informations personnelles \u00e0 des tiers non associ\u00e9s. Nous pouvons partager vos informations personnelles avec les entit\u00e9s suivantes:<\/p>\r\n  <ul class=\"list-unstyled\">\r\n    <li>Nos affili\u00e9s et marques afin qu&rsquo;ils puissent vous fournir des informations sur leurs produits, ce qui comprend aussi les affili\u00e9s de la liste \u00ab\u00a0Cadre\u00a0\u00bb ci-dessus.<\/li>\r\n    <li>Nos affili\u00e9s et fournisseurs de services tiers afin qu&rsquo;ils puissent effectuer des t\u00e2ches en notre nom telles que:<\/li>\r\n    <li>Faciliter votre achat<\/li>\r\n    <li>Aider \u00e0 l&rsquo;entretien de nos produits<\/li>\r\n    <li>Vous aider \u00e0 \u00e9changer des produits<\/li>\r\n    <li>Fournir et am\u00e9liorer nos communications avec vous<\/li>\r\n    <li>R\u00e9pondre aux demandes concernant nos relations avec les investisseurs<\/li>\r\n    <li>Services bas\u00e9s sur le Cloud et l&rsquo;h\u00e9bergement<\/li>\r\n    <li>Si besoin, coop\u00e9rer avec une citation \u00e0 compara\u00eetre, un mandat de perquisition ou une autre demande l\u00e9gale, une ordonnance du tribunal ou tout autre processus l\u00e9gal, ou comme requis ou autoris\u00e9 par la loi<\/li>\r\n    <li>Pour prot\u00e9ger les droits, la propri\u00e9t\u00e9 ou la s\u00e9curit\u00e9 de nos sites, nos utilisateurs ou d&rsquo;autres utilisateurs, y compris, le cas \u00e9ch\u00e9ant, pour l&rsquo;\u00e9tablissement, l&rsquo;exercice ou la d\u00e9fense des r\u00e9clamations l\u00e9gales.<\/li>\r\n  <\/ul>\r\n\r\n<br>\r\n<!-- OneTrust Cookies Settings button start -->\r\n<button id=\"ot-sdk-btn\" class=\"ot-sdk-show-settings\">Cookie\u00a0Settings<\/button>\r\n<!-- OneTrust Cookies Settings button end -->\r\n\r\n  <p class=\"mt-4\">Si TajimaTool Corp. et TJM Design, Inc. ont fusionn\u00e9s ou ont \u00e9t\u00e9 acquis par une autre soci\u00e9t\u00e9, ou si nous faisons l&rsquo;acquisition d&rsquo;une autre entit\u00e9 commerciale, si nous effectuons une r\u00e9organisation ou un autre changement de contr\u00f4le, ou si nous vendons la quasi-totalit\u00e9 des actifs d&rsquo;une division, d&rsquo;une filiale ou d&rsquo;un soci\u00e9t\u00e9 apparent\u00e9e, une partie ou la totalit\u00e9 des renseignements personnels recueillis \u00e0 votre sujet peuvent \u00eatre partag\u00e9s avec l&rsquo;entreprise acqu\u00e9reuse ou acquise.<br>\r\n    Nous pouvons \u00e9galement partager des donn\u00e9es globales sur nos ventes, nos clients, les mod\u00e8les de trafic et d&rsquo;autres informations relatives au Site avec des tiers, mais aucune de ces donn\u00e9es n&rsquo;est connect\u00e9e aux informations personnelles individuelles. <\/p>\r\n  <p class=\"mb-4\"> Nous pouvons apporter des modifications \u00e0 cette politique de confidentialit\u00e9 \u00e0 tout moment, veuillez donc la consulter r\u00e9guli\u00e8rement. Si nous apportons un changement important \u00e0 nos pratiques en mati\u00e8re de collecte, d&rsquo;utilisation ou de divulgation des informations sp\u00e9cifi\u00e9es dans la pr\u00e9sente Politique de confidentialit\u00e9, celui-ci ne s&rsquo;appliquera qu&rsquo;aux informations recueillies \u00e0 l&rsquo;avenir. Nous mettrons \u00e0 jour la date d&rsquo;entr\u00e9e en vigueur de la politique de confidentialit\u00e9 au moment o\u00f9 une modification sera faite. <\/p>\r\n<\/div>\r\n<style>\r\np{line-height: 1.8;}\r\n.list-unstyled {padding-left: 2rem;}\r\n.list-unstyled li {list-style: disc;}\r\n#ot-sdk-cookie-policy-v2.ot-sdk-cookie-policy #cookie-policy-title {color: #000;font-family:\"Open Sans\", Arial, \"Helvetica Neue\", sans-serif;}\r\n#ot-sdk-cookie-policy-v2.ot-sdk-cookie-policy h5, #ot-sdk-cookie-policy-v2.ot-sdk-cookie-policy h6, #ot-sdk-cookie-policy-v2.ot-sdk-cookie-policy li, #ot-sdk-cookie-policy-v2.ot-sdk-cookie-policy p, #ot-sdk-cookie-policy-v2.ot-sdk-cookie-policy a, #ot-sdk-cookie-policy-v2.ot-sdk-cookie-policy span, #ot-sdk-cookie-policy-v2.ot-sdk-cookie-policy td, #ot-sdk-cookie-policy-v2.ot-sdk-cookie-policy #cookie-policy-description {color: #000;font-family:\"Open Sans\", Arial, \"Helvetica Neue\", sans-serif;font-size:1rem !important;line-height:1.9;}\r\n#ot-sdk-cookie-policy-v2.ot-sdk-cookie-policy .ot-sdk-cookie-policy-group {color: #000;font-family:\"Open Sans\", Arial, \"Helvetica Neue\", sans-serif;}#ot-sdk-cookie-policy-v2.ot-sdk-cookie-policy table th {background-color: #565656;font-family:\"Open Sans\", Arial, \"Helvetica Neue\", sans-serif;}\r\n#ot-sdk-cookie-policy-v2.ot-sdk-cookie-policy th {color: #fff;font-family:\"Open Sans\", Arial, \"Helvetica Neue\", sans-serif;}\r\n#onetrust-banner-sdk .ot-sdk-container, #onetrust-pc-sdk .ot-sdk-container, #ot-sdk-cookie-policy .ot-sdk-container {padding: 0;}\r\n#ot-sdk-cookie-policy-v2.ot-sdk-cookie-policy table {border-radius: 0px;}\r\n#ot-sdk-btn.ot-sdk-show-settings, #ot-sdk-btn.optanon-show-settings {color: #b70000;border: 1px solid #b70000;}\r\n#ot-sdk-btn.ot-sdk-show-settings:hover, #ot-sdk-btn.optanon-show-settings:hover {background-color: #b70000;}\r\n<\/style>","protected":false},"excerpt":{"rendered":"Cadre. Cette politique de confidentialit\u00e9 s&rsquo;applique aux informations personnelles collect\u00e9es, utilis\u00e9es et divulgu\u00e9es par Tajima Tool Corp. et TJM Design, Inc., en lien avec ses sites Web, microsites, sites mobiles ou applications mobiles qui adoptent, affichent ou associent express\u00e9ment cette politique de confidentialit\u00e9 (appel\u00e9s collectivement par nos \u00ab\u00a0Sites\u00a0\u00bb). Elle s&rsquo;applique \u00e9galement aux informations personnelles que [&hellip;]","protected":false},"author":1,"featured_media":15274,"parent":0,"menu_order":0,"comment_status":"closed","ping_status":"closed","template":"","meta":{"_acf_changed":false,"footnotes":""},"class_list":["post-1997","page","type-page","status-publish","has-post-thumbnail","hentry"],"acf":[],"aioseo_notices":[],"_links":{"self":[{"href":"https:\/\/www.tajimatool.com\/fr\/wp-json\/wp\/v2\/pages\/1997","targetHints":{"allow":["GET"]}}],"collection":[{"href":"https:\/\/www.tajimatool.com\/fr\/wp-json\/wp\/v2\/pages"}],"about":[{"href":"https:\/\/www.tajimatool.com\/fr\/wp-json\/wp\/v2\/types\/page"}],"author":[{"embeddable":true,"href":"https:\/\/www.tajimatool.com\/fr\/wp-json\/wp\/v2\/users\/1"}],"replies":[{"embeddable":true,"href":"https:\/\/www.tajimatool.com\/fr\/wp-json\/wp\/v2\/comments?post=1997"}],"version-history":[{"count":10,"href":"https:\/\/www.tajimatool.com\/fr\/wp-json\/wp\/v2\/pages\/1997\/revisions"}],"predecessor-version":[{"id":141388,"href":"https:\/\/www.tajimatool.com\/fr\/wp-json\/wp\/v2\/pages\/1997\/revisions\/141388"}],"wp:featuredmedia":[{"embeddable":true,"href":"https:\/\/www.tajimatool.com\/fr\/wp-json\/wp\/v2\/media\/15274"}],"wp:attachment":[{"href":"https:\/\/www.tajimatool.com\/fr\/wp-json\/wp\/v2\/media?parent=1997"}],"curies":[{"name":"wp","href":"https:\/\/api.w.org\/{rel}","templated":true}]}}