{"id":1999,"date":"2017-11-07T03:06:30","date_gmt":"2017-11-07T11:06:30","guid":{"rendered":"https:\/\/www.tajimatool.com\/?page_id=1999"},"modified":"2023-10-05T11:32:02","modified_gmt":"2023-10-05T18:32:02","slug":"privacy","status":"publish","type":"page","link":"https:\/\/www.tajimatool.com\/es\/privacy\/","title":{"rendered":"Pol\u00edtica de privacidad"},"content":{"rendered":"<div class=\"container mt-6\">\r\n  <p class=\"mb-4\">Alcance. Esta Pol\u00edtica de Privacidad se aplica a la informaci\u00f3n personal recopilada, utilizada y divulgada por Tajima Tool Corp. and TJM Design, Inc., en relaci\u00f3n con sus sitios web, micrositios, sitios para m\u00f3vil o aplicaciones m\u00f3viles que adoptan, visualizan o se vinculan expresamente a esta Pol\u00edtica de Privacidad (denominados colectivamente como nuestros \u00abSitios\u00bb). <br>\r\n    Tambi\u00e9n se aplica a la informaci\u00f3n personal que recopilamos, utilizamos y divulgamos en relaci\u00f3n con Tajima Tool Corp. y TJM Design, Inc., p\u00e1ginas de los sitios de redes sociales, como Facebook, Twitter, Google Plus y otros (denominados colectivamente como nuestras \u00abP\u00e1ginas de Redes Sociales\u00bb). \r\n  <\/p>\r\n  <p class=\"mb-4\">Informaci\u00f3n de la ubicaci\u00f3n. Nuestros Sitios y correos electr\u00f3nicos incluyen caracter\u00edsticas que pueden requerir la recopilaci\u00f3n de diferentes tipos de informaci\u00f3n de la ubicaci\u00f3n (como direcciones IP y c\u00f3digos postales) que utilizaremos luego para la caracter\u00edstica espec\u00edfica seleccionada por usted, tal como:\r\n  <\/p>\r\n  <p class=\"mb-4\">D\u00f3nde comprar y Localizador de tiendas. Nuestros Sitios le ayudan a encontrar las tiendas m\u00e1s cercanas que disponen de los productos de Tajima Tool que est\u00e1 buscando y obtener informaci\u00f3n sobre la disponibilidad del producto en dichas tiendas. Si accede a uno de nuestros Sitios a trav\u00e9s de un dispositivo m\u00f3vil y tiene habilitado los servicios basados en la ubicaci\u00f3n, es posible que para estas caracter\u00edsticas se recopile la informaci\u00f3n espec\u00edfica de la ubicaci\u00f3n. Mediante el acceso a estas caracter\u00edsticas a trav\u00e9s de un dispositivo de escritorio, es posible que, con el fin de poder responder a su solicitud, su navegador le pregunte si desea compartir la informaci\u00f3n de su ubicaci\u00f3n. La especificidad de la informaci\u00f3n de la ubicaci\u00f3n recopilada a trav\u00e9s de un dispositivo de escritorio puede variar en funci\u00f3n del navegador que utilice y c\u00f3mo est\u00e1 conectado a Internet.\r\n  <\/p>\r\n  <p class=\"mb-4\">Correo electr\u00f3nico. Nuestros correos electr\u00f3nicos pueden hacer uso de su direcci\u00f3n IP para determinar el c\u00f3digo postal de donde usted se encuentra al abrir el correo electr\u00f3nico. Esto nos permite adaptar el contenido seg\u00fan su perfil, tales como los mapas con las tiendas m\u00e1s cercanas que venden nuestros productos. La especificidad de la ubicaci\u00f3n puede variar en funci\u00f3n del dispositivo que se utilice para abrir nuestros correos electr\u00f3nicos.\r\n  <\/p>\r\n\r\n<!-- OneTrust Cookies List start -->\r\n<div id=\"ot-sdk-cookie-policy\"><\/div>\r\n<!-- OneTrust Cookies List end -->\r\n\r\n  <p class=\"mb-4\">No vendemos, alquilamos ni canjeamos su informaci\u00f3n personal a terceros independientes. Es posible que compartamos su informaci\u00f3n personal con las siguientes partes:<\/p>\r\n  <ul class=\"list-unstyled\">\r\n    <li>Nuestras filiales y marcas, que incluyen a las filiales arriba mencionadas en el apartado \u00abAlcance\u00bb, para que puedan informarle acerca de nuestros productos.<\/li>\r\n    <li>Nuestras filiales y proveedores de servicios externos para que puedan asumir, en nuestro nombre, las tareas siguientes:<\/li>\r\n    <li>Facilitar su compra<\/li>\r\n    <li>Asistir en el servicio de nuestros productos<\/li>\r\n    <li>Ayudarle a canjear productos<\/li>\r\n    <li>Facilitar y mejorar nuestra comunicaci\u00f3n con usted<\/li>\r\n    <li>Responder a las solicitudes sobre nuestra relaci\u00f3n con inversionistas<\/li>\r\n    <li>Servicios en la nube y de hospedaje<\/li>\r\n    <li>Seg\u00fan lo requerido, cooperar con las citaciones judiciales, \u00f3rdenes de registro o investigaciones con validez legal, \u00f3rdenes judiciales u otros procesos legales, o seg\u00fan lo exija o lo permita la ley.<\/li>\r\n    <li>Proteger los derechos, propiedad o seguridad de nuestros Sitios, nuestros usuarios o terceros, incluy\u00e9ndose, en caso que sea necesario, para el establecimiento, ejercicio o defensa de reclamaciones legales.<\/li>\r\n  <\/ul>\r\n\r\n<br>\r\n<!-- OneTrust Cookies Settings button start -->\r\n<button id=\"ot-sdk-btn\" class=\"ot-sdk-show-settings\">Cookie\u00a0Settings<\/button>\r\n<!-- OneTrust Cookies Settings button end -->\r\n\r\n  <p class=\"mt-4\"> En el caso de que TajimaTool Corp. y TJM Design, Inc. se fusionen con, o sean adquiridas por otra empresa, o si adquirimos otra entidad comercial, o participamos en una reorganizaci\u00f3n de la empresa o alg\u00fan otro cambio de control, o si realizamos la venta de sustancialmente todos los activos de una divisi\u00f3n, filial o subsidiaria, parte o toda la informaci\u00f3n personal recopilada sobre usted podr\u00e1 ser compartida con la empresa adquirente o adquirida.<br>\r\n    WAsimismo, es posible que compartamos datos agrupados relacionados con nuestras ventas, clientes, patrones de tr\u00e1fico, y otra informaci\u00f3n del Sitio relacionada con terceros, no obstante, ninguno de estos datos guarda relaci\u00f3n con la informaci\u00f3n personal de un particular.<\/p>\r\n  <p class=\"mb-4\">En cualquier momento podremos realizar cambios en la presente Pol\u00edtica de Privacidad, por lo que le recomendamos revisarla de forma peri\u00f3dica. Si realizamos cambios materiales en nuestras pr\u00e1cticas de recopilaci\u00f3n, uso o divulgaci\u00f3n, las cuales fueron especificadas en la presente Pol\u00edtica de Privacidad, se aplicar\u00e1n en lo sucesivo solo a la informaci\u00f3n recopilada. Si realizamos alg\u00fan cambio en la Pol\u00edtica de Privacidad, actualizaremos la fecha de entrada en vigencia en el momento de efectuar el cambio.<\/p>\r\n<\/div>\r\n\r\n<style>\r\np{line-height: 1.8;}\r\n.list-unstyled {padding-left: 2rem;}\r\n.list-unstyled li {list-style: disc;}\r\n#ot-sdk-cookie-policy-v2.ot-sdk-cookie-policy #cookie-policy-title {color: #000;font-family:\"Open Sans\", Arial, \"Helvetica Neue\", sans-serif;}\r\n#ot-sdk-cookie-policy-v2.ot-sdk-cookie-policy h5, #ot-sdk-cookie-policy-v2.ot-sdk-cookie-policy h6, #ot-sdk-cookie-policy-v2.ot-sdk-cookie-policy li, #ot-sdk-cookie-policy-v2.ot-sdk-cookie-policy p, #ot-sdk-cookie-policy-v2.ot-sdk-cookie-policy a, #ot-sdk-cookie-policy-v2.ot-sdk-cookie-policy span, #ot-sdk-cookie-policy-v2.ot-sdk-cookie-policy td, #ot-sdk-cookie-policy-v2.ot-sdk-cookie-policy #cookie-policy-description {color: #000;font-family:\"Open Sans\", Arial, \"Helvetica Neue\", sans-serif;font-size:1rem !important;line-height:1.9;}\r\n#ot-sdk-cookie-policy-v2.ot-sdk-cookie-policy .ot-sdk-cookie-policy-group {color: #000;font-family:\"Open Sans\", Arial, \"Helvetica Neue\", sans-serif;}#ot-sdk-cookie-policy-v2.ot-sdk-cookie-policy table th {background-color: #565656;font-family:\"Open Sans\", Arial, \"Helvetica Neue\", sans-serif;}\r\n#ot-sdk-cookie-policy-v2.ot-sdk-cookie-policy th {color: #fff;font-family:\"Open Sans\", Arial, \"Helvetica Neue\", sans-serif;}\r\n#onetrust-banner-sdk .ot-sdk-container, #onetrust-pc-sdk .ot-sdk-container, #ot-sdk-cookie-policy .ot-sdk-container {padding: 0;}\r\n#ot-sdk-cookie-policy-v2.ot-sdk-cookie-policy table {border-radius: 0px;}\r\n#ot-sdk-btn.ot-sdk-show-settings, #ot-sdk-btn.optanon-show-settings {color: #b70000;border: 1px solid #b70000;}\r\n#ot-sdk-btn.ot-sdk-show-settings:hover, #ot-sdk-btn.optanon-show-settings:hover {background-color: #b70000;}\r\n<\/style>","protected":false},"excerpt":{"rendered":"Alcance. Esta Pol\u00edtica de Privacidad se aplica a la informaci\u00f3n personal recopilada, utilizada y divulgada por Tajima Tool Corp. and TJM Design, Inc., en relaci\u00f3n con sus sitios web, micrositios, sitios para m\u00f3vil o aplicaciones m\u00f3viles que adoptan, visualizan o se vinculan expresamente a esta Pol\u00edtica de Privacidad (denominados colectivamente como nuestros \u00abSitios\u00bb). Tambi\u00e9n se [&hellip;]","protected":false},"author":1,"featured_media":15275,"parent":0,"menu_order":0,"comment_status":"closed","ping_status":"closed","template":"","meta":{"_acf_changed":false,"footnotes":""},"class_list":["post-1999","page","type-page","status-publish","has-post-thumbnail","hentry"],"acf":[],"aioseo_notices":[],"_links":{"self":[{"href":"https:\/\/www.tajimatool.com\/es\/wp-json\/wp\/v2\/pages\/1999","targetHints":{"allow":["GET"]}}],"collection":[{"href":"https:\/\/www.tajimatool.com\/es\/wp-json\/wp\/v2\/pages"}],"about":[{"href":"https:\/\/www.tajimatool.com\/es\/wp-json\/wp\/v2\/types\/page"}],"author":[{"embeddable":true,"href":"https:\/\/www.tajimatool.com\/es\/wp-json\/wp\/v2\/users\/1"}],"replies":[{"embeddable":true,"href":"https:\/\/www.tajimatool.com\/es\/wp-json\/wp\/v2\/comments?post=1999"}],"version-history":[{"count":14,"href":"https:\/\/www.tajimatool.com\/es\/wp-json\/wp\/v2\/pages\/1999\/revisions"}],"predecessor-version":[{"id":141387,"href":"https:\/\/www.tajimatool.com\/es\/wp-json\/wp\/v2\/pages\/1999\/revisions\/141387"}],"wp:featuredmedia":[{"embeddable":true,"href":"https:\/\/www.tajimatool.com\/es\/wp-json\/wp\/v2\/media\/15275"}],"wp:attachment":[{"href":"https:\/\/www.tajimatool.com\/es\/wp-json\/wp\/v2\/media?parent=1999"}],"curies":[{"name":"wp","href":"https:\/\/api.w.org\/{rel}","templated":true}]}}