{"id":1716,"date":"2017-10-18T06:32:13","date_gmt":"2017-10-18T13:32:13","guid":{"rendered":"https:\/\/www.tajimatool.com\/?page_id=1716"},"modified":"2023-11-22T18:57:45","modified_gmt":"2023-11-23T02:57:45","slug":"about","status":"publish","type":"page","link":"https:\/\/www.tajimatool.com\/es\/about\/","title":{"rendered":"Sobre nosotros"},"content":{"rendered":"<div id=\"about-pics\" class=\"container-fluid gx-0\">\r\n\t<div class=\"about-pic-wrap about-pic-wrap1\">\r\n\t\t<div class=\"about-pic-inner\">\r\n\t\t\t<h2 class=\"about-h2\">En la m\u00e1xima <br>calidad La herramienta <br>est\u00e1 en nuestro ADN<\/h2>\r\n\t\t\t<p class=\"about-p\">Desde 1909, hemos conservado la tradici\u00f3n de excelencia esforz\u00e1ndonos continuamente por seguir desarrollando y mejorando nuestros productos para superar las expectativas de nuestros clientes.<\/p>\r\n\t\t<\/div>\r\n\t<\/div>\r\n\t<div class=\"about-pic-wrap about-pic-wrap2\">\r\n\t\t<div class=\"about-pic-inner\">\r\n\t\t\t<h2 class=\"about-h2\">La alta calidad original <br class=\"d-none d-sm-block\">que dura toda <br class=\"d-none d-sm-block\">la vida \u00fatil de la herramienta<\/h2>\r\n\t\t\t<p class=\"about-p\">La calidad de nuestras herramientas manuales perdura durante toda la vida \u00fatil de nuestros productos. Durante m\u00e1s de 100 a\u00f1os, hemos dise\u00f1ado y fabricado nuestras herramientas en la innovaci\u00f3n con el esp\u00edritu atemporal que honra su creatividad.<\/p>\r\n\t\t<\/div>\r\n\t<\/div>\r\n\t<div class=\"about-pic-wrap  about-pic-wrap3\">\r\n\t\t<div class=\"about-pic-inner\">\r\n\t\t\t<h2 class=\"about-h2-2\">El desarrollo de productos es un \u00abarte<\/h2>\r\n\t\t\t<p class=\"about-p\">Qu\u00e9 es una buena herramienta?\u00bb Hay muchas respuestas a esta vieja pregunta. La base de nuestros dise\u00f1os e ingenier\u00eda de herramientas son nuestros clientes.<br><br>Desarrollamos herramientas profundamente arraigadas en la innovaci\u00f3n colaborando con m\u00e1s de 1.000 usuarios finales, pregunt\u00e1ndoles por sus experiencias reales. Durante la fase de colaboraci\u00f3n, son los conocimientos y habilidades de los usuarios finales los que nos ayudan a comprender sus necesidades. Valoramos todas las ideas y pensamientos individuales.<br><br><span class=\"d-none d-sm-block\">Despu\u00e9s de esa etapa, captamos todas las ideas impactantes que refinamos y filtramos, para luego implementarlas en nuestros dise\u00f1os de fabricaci\u00f3n y as\u00ed nuestro producto, nuestro futuro. Nos esforzamos por superar las expectativas de los clientes en cada paso del camino.<\/span><\/p>\r\n\t\t\t\r\n\t\t<\/div>\r\n\t\t<p class=\"d-sm-none about-p\">Despu\u00e9s de esa etapa, captamos todas las ideas impactantes que refinamos y filtramos, para luego implementarlas en nuestros dise\u00f1os de fabricaci\u00f3n y as\u00ed nuestro producto, nuestro futuro. Nos esforzamos por superar las expectativas de los clientes en cada paso del camino.<\/p>\r\n\t<\/div>\r\n\t<div class=\"about-pic-wrap about-pic-wrap4\">\r\n\t\t<div class=\"about-pic-inner\">\r\n\t\t\t<h2 class=\"about-h2-2\">Experimenta <br>lo mejor con TAJIMA<\/h2>\r\n\t\t\t<p class=\"about-p\">Los productos de TAJIMA representan la alta calidad que perdura desde el principio a lo largo de toda su vida \u00fatil. Herramientas que no s\u00f3lo proporcionan satisfacci\u00f3n, sino tambi\u00e9n inspiraci\u00f3n. Nuestro objetivo es que cada usuario tenga la oportunidad de encontrarse con nuestros productos y tener una experiencia duradera y la mejor.<\/p>\r\n\t\t<\/div>\r\n\t<\/div>\r\n<\/div>\r\n\r\n<style>\r\n\t@media(min-width: 768px){\r\n\t\t.about-pic-wrap1 .about-pic-inner{\r\n\t\t\twidth: 48vw;\r\n\t\t}\r\n\t\t.about-pic-wrap2 .about-pic-inner{\r\n\t\t\twidth: 66vw;\r\n\t\t\tleft: 33vw;\r\n\t\t}\r\n\t\t.about-pic-wrap3 .about-pic-inner{\r\n\t\t\twidth: 80.2vw;\r\n\t\t\tleft: 16vw;\r\n\t\t}\r\n\t\t.about-pic-wrap4 .about-pic-inner{\r\n\t\t\twidth: 49.8vw;\r\n\t\t}\r\n\t\t.about-h2{\r\n\t\t\tfont-size: 2.95vw;\r\n\t\t}\r\n\t\t.about-h2-2{\r\n\t\t\tfont-size: 3.345vw\r\n\t\t}\r\n\t}\r\n\t\r\n\t@media(min-width: 768px) and @media(max-width: 1199px){\r\n\t\t.about-pic-wrap2 .about-pic-inner{\r\n\t\t\twidth: 67.8vw;\r\n    \t\tleft: 31vw;\r\n\t\t}    \r\n\t}\r\n\t@media(min-width: 768px) and @media(max-width: 991px){\r\n\t\t.about-pic-wrap2 .about-pic-inner{\r\n\t\t\twidth: 71.8vw;\r\n    \t\tleft: 26vw;\r\n\t\t}\r\n\t\t.about-pic-wrap2 .about-p{\r\n\t\t    width: 58.1vw;\r\n\t\t}\r\n\t}\r\n\t\r\n\t@media(min-width: 768px) and @media(max-width: 991px){\r\n\t\t.about-pic-wrap3 .about-pic-inner{\r\n\t\t\twidth: 82.2vw;\r\n    \t\tleft: 3vw;\r\n\t\t}\r\n\t\t.about-pic-wrap3 .about-p{\r\n\t\t    width: 95vw;\r\n\t\t}\r\n\t}\r\n\t@media (max-width: 767px){\r\n\t\t.about-pic-wrap2 .about-pic-inner {\r\n\t\t\ttop: 8vw;\r\n\t\t}\r\n\t}\r\n<\/style>\r\n\r\n\r\n","protected":false},"excerpt":{"rendered":"En la m\u00e1xima calidad La herramienta est\u00e1 en nuestro ADN Desde 1909, hemos conservado la tradici\u00f3n de excelencia esforz\u00e1ndonos continuamente por seguir desarrollando y mejorando nuestros productos para superar las expectativas de nuestros clientes. La alta calidad original que dura toda la vida \u00fatil de la herramienta La calidad de nuestras herramientas manuales perdura durante [&hellip;]","protected":false},"author":1,"featured_media":0,"parent":0,"menu_order":0,"comment_status":"closed","ping_status":"open","template":"page-about.php","meta":{"_acf_changed":false,"footnotes":""},"class_list":["post-1716","page","type-page","status-publish","hentry"],"acf":[],"aioseo_notices":[],"_links":{"self":[{"href":"https:\/\/www.tajimatool.com\/es\/wp-json\/wp\/v2\/pages\/1716","targetHints":{"allow":["GET"]}}],"collection":[{"href":"https:\/\/www.tajimatool.com\/es\/wp-json\/wp\/v2\/pages"}],"about":[{"href":"https:\/\/www.tajimatool.com\/es\/wp-json\/wp\/v2\/types\/page"}],"author":[{"embeddable":true,"href":"https:\/\/www.tajimatool.com\/es\/wp-json\/wp\/v2\/users\/1"}],"replies":[{"embeddable":true,"href":"https:\/\/www.tajimatool.com\/es\/wp-json\/wp\/v2\/comments?post=1716"}],"version-history":[{"count":8,"href":"https:\/\/www.tajimatool.com\/es\/wp-json\/wp\/v2\/pages\/1716\/revisions"}],"predecessor-version":[{"id":142096,"href":"https:\/\/www.tajimatool.com\/es\/wp-json\/wp\/v2\/pages\/1716\/revisions\/142096"}],"wp:attachment":[{"href":"https:\/\/www.tajimatool.com\/es\/wp-json\/wp\/v2\/media?parent=1716"}],"curies":[{"name":"wp","href":"https:\/\/api.w.org\/{rel}","templated":true}]}}